{"id":4,"date":"2013-12-13T13:58:31","date_gmt":"2013-12-13T12:58:31","guid":{"rendered":"http:\/\/bourson-loic.fr\/accueil\/?page_id=4"},"modified":"2016-08-21T10:13:48","modified_gmt":"2016-08-21T09:13:48","slug":"mes-sites","status":"publish","type":"page","link":"http:\/\/bourson-loic.fr\/accueil\/","title":{"rendered":"Mes sites"},"content":{"rendered":"<p>[et_pb_section admin_label=\u00a0\u00bbsection\u00a0\u00bb fullwidth=\u00a0\u00bboff\u00a0\u00bb specialty=\u00a0\u00bboff\u00a0\u00bb][et_pb_row admin_label=\u00a0\u00bbrow\u00a0\u00bb][et_pb_column type=\u00a0\u00bb1_4&Prime;][et_pb_blurb admin_label=\u00a0\u00bbLecadelo\u00a0\u00bb title=\u00a0\u00bbGLAZ PC\u00a0\u00bb url=\u00a0\u00bbhttp:\/\/www.glazpc.fr\/\u00a0\u00bb url_new_window=\u00a0\u00bboff\u00a0\u00bb image=\u00a0\u00bbhttp:\/\/bourson-loic.fr\/accueil\/wp-content\/uploads\/2013\/12\/logo-pour-accueil-150.png\u00a0\u00bb alt=\u00a0\u00bbLogo du site GLAZ PC\u00a0\u00bb background_layout=\u00a0\u00bblight\u00a0\u00bb text_orientation=\u00a0\u00bbcenter\u00a0\u00bb use_icon=\u00a0\u00bboff\u00a0\u00bb icon_color=\u00a0\u00bb#7EBEC5&Prime; use_circle=\u00a0\u00bboff\u00a0\u00bb circle_color=\u00a0\u00bb#7EBEC5&Prime; use_circle_border=\u00a0\u00bboff\u00a0\u00bb circle_border_color=\u00a0\u00bb#7EBEC5&Prime; icon_placement=\u00a0\u00bbtop\u00a0\u00bb animation=\u00a0\u00bbtop\u00a0\u00bb]<\/p>\n<p style=\"text-align: center;\">Votre PC est lent\u00a0?<br \/>\nBesoin d&rsquo;un bon coup de nettoyage ?<br \/>\nUne r\u00e9installation ?<br \/>\nAlors n&rsquo;h\u00e9sitez pas !<\/p>\n<p>[\/et_pb_blurb][\/et_pb_column][et_pb_column type=\u00a0\u00bb1_4&Prime;][et_pb_blurb admin_label=\u00a0\u00bbLecadelo\u00a0\u00bb title=\u00a0\u00bbLecadelo\u00a0\u00bb url=\u00a0\u00bbhttp:\/\/www.lecadelo.fr\/\u00a0\u00bb url_new_window=\u00a0\u00bboff\u00a0\u00bb image=\u00a0\u00bbhttp:\/\/bourson-loic.fr\/accueil\/wp-content\/uploads\/2013\/12\/logo-lecadelo-150px.png\u00a0\u00bb alt=\u00a0\u00bbLogo du blog Lecadelo\u00a0\u00bb background_layout=\u00a0\u00bblight\u00a0\u00bb text_orientation=\u00a0\u00bbcenter\u00a0\u00bb]<\/p>\n<p style=\"text-align: center;\">Le carnet de Lo\u00efc est un blog qui traite de tout ce qui me me plait.<br \/>\nVous y trouverez aussi une s\u00e9rie de\u00a0tutoriels.<\/p>\n<p>[\/et_pb_blurb][\/et_pb_column][et_pb_column type=\u00a0\u00bb1_4&Prime;][et_pb_blurb admin_label=\u00a0\u00bbPorfolio\u00a0\u00bb title=\u00a0\u00bbPortfolio\u00a0\u00bb url=\u00a0\u00bbhttp:\/\/www.photo.bourson-loic.fr\/\u00a0\u00bb url_new_window=\u00a0\u00bboff\u00a0\u00bb image=\u00a0\u00bbhttp:\/\/bourson-loic.fr\/accueil\/wp-content\/uploads\/2013\/12\/logo-portfolio-150px.png\u00a0\u00bb background_layout=\u00a0\u00bblight\u00a0\u00bb text_orientation=\u00a0\u00bbcenter\u00a0\u00bb alt=\u00a0\u00bbLogo du portfolio\u00a0\u00bb animation=\u00a0\u00bbtop\u00a0\u00bb use_icon=\u00a0\u00bboff\u00a0\u00bb icon_color=\u00a0\u00bb#7EBEC5&Prime; use_circle=\u00a0\u00bboff\u00a0\u00bb circle_color=\u00a0\u00bb#7EBEC5&Prime; use_circle_border=\u00a0\u00bboff\u00a0\u00bb circle_border_color=\u00a0\u00bb#7EBEC5&Prime; icon_placement=\u00a0\u00bbtop\u00a0\u00bb use_icon_font_size=\u00a0\u00bboff\u00a0\u00bb use_border_color=\u00a0\u00bboff\u00a0\u00bb border_color=\u00a0\u00bb#ffffff\u00a0\u00bb border_style=\u00a0\u00bbsolid\u00a0\u00bb]<\/p>\n<p style=\"text-align: center;\">Dan mon portfolio, vous trouverez beaucoup de photos prises lors de mon passage dans la Marine Nationale. Les appareils photo utilis\u00e9s en ce moment : Reflex\u00a0<strong>Canon 650D<\/strong>\u00a0et mon smartphone <strong>XIAOMI Mi 5<\/strong>.<\/p>\n<p>[\/et_pb_blurb][\/et_pb_column][et_pb_column type=\u00a0\u00bb1_4&Prime;][et_pb_blurb admin_label=\u00a0\u00bbEscales autour du monde\u00a0\u00bb title=\u00a0\u00bbEscales autour du monde\u00a0\u00bb url=\u00a0\u00bbhttp:\/\/www.marine.bourson-loic.fr\/\u00a0\u00bb url_new_window=\u00a0\u00bboff\u00a0\u00bb background_layout=\u00a0\u00bblight\u00a0\u00bb text_orientation=\u00a0\u00bbcenter\u00a0\u00bb image=\u00a0\u00bbhttp:\/\/bourson-loic.fr\/accueil\/wp-content\/uploads\/2013\/12\/logo-escales-autour-du-monde-150px.png\u00a0\u00bb alt=\u00a0\u00bbLogo escales autour du monde\u00a0\u00bb]<\/p>\n<p style=\"text-align: center;\">Toutes mes escales effectu\u00e9es lors de mes 17,5 ann\u00e9es pass\u00e9es dans la Marine Nationale<\/p>\n<p>[\/et_pb_blurb][\/et_pb_column][\/et_pb_row][\/et_pb_section]<\/p>\n","protected":false},"excerpt":{"rendered":"<p>Votre PC est lent\u00a0? Besoin d&rsquo;un bon coup de nettoyage ? Une r\u00e9installation ? Alors n&rsquo;h\u00e9sitez pas ! Le carnet de Lo\u00efc est un blog qui traite de tout ce qui me me plait. Vous y trouverez aussi une s\u00e9rie de\u00a0tutoriels. Dan mon portfolio, vous trouverez beaucoup de photos prises lors de mon passage dans [&hellip;]<\/p>\n","protected":false},"author":1,"featured_media":0,"parent":0,"menu_order":0,"comment_status":"open","ping_status":"open","template":"","meta":{"_et_pb_use_builder":"on","_et_pb_old_content":"","_et_gb_content_width":"","footnotes":""},"class_list":["post-4","page","type-page","status-publish","hentry"],"_links":{"self":[{"href":"http:\/\/bourson-loic.fr\/accueil\/wp-json\/wp\/v2\/pages\/4","targetHints":{"allow":["GET"]}}],"collection":[{"href":"http:\/\/bourson-loic.fr\/accueil\/wp-json\/wp\/v2\/pages"}],"about":[{"href":"http:\/\/bourson-loic.fr\/accueil\/wp-json\/wp\/v2\/types\/page"}],"author":[{"embeddable":true,"href":"http:\/\/bourson-loic.fr\/accueil\/wp-json\/wp\/v2\/users\/1"}],"replies":[{"embeddable":true,"href":"http:\/\/bourson-loic.fr\/accueil\/wp-json\/wp\/v2\/comments?post=4"}],"version-history":[{"count":19,"href":"http:\/\/bourson-loic.fr\/accueil\/wp-json\/wp\/v2\/pages\/4\/revisions"}],"predecessor-version":[{"id":653,"href":"http:\/\/bourson-loic.fr\/accueil\/wp-json\/wp\/v2\/pages\/4\/revisions\/653"}],"wp:attachment":[{"href":"http:\/\/bourson-loic.fr\/accueil\/wp-json\/wp\/v2\/media?parent=4"}],"curies":[{"name":"wp","href":"https:\/\/api.w.org\/{rel}","templated":true}]}}